{"id":39,"date":"2020-12-25T00:02:43","date_gmt":"2020-12-25T00:02:43","guid":{"rendered":"https:\/\/www.microptl.pt\/site\/testes\/?page_id=39"},"modified":"2026-01-30T11:05:26","modified_gmt":"2026-01-30T11:05:26","slug":"simuladores","status":"publish","type":"page","link":"https:\/\/www.jorgesilvaroc.pt\/previsa\/simuladores\/","title":{"rendered":"Utilit\u00e1rios"},"content":{"rendered":"\n<div class=\"wp-block-buttons is-layout-flex wp-block-buttons-is-layout-flex\">\n<div class=\"wp-block-button is-style-outline is-style-outline--1\"><a class=\"wp-block-button__link has-black-color has-light-green-cyan-background-color has-text-color has-background wp-element-button\" style=\"border-radius:15px\"><strong>Benef\u00edcios Fiscais<\/strong><\/a><\/div>\n<\/div>\n\n\n\n<div style=\"height:8px\" aria-hidden=\"true\" class=\"wp-block-spacer\"><\/div>\n\n\n\n<p class=\"has-normal-font-size\"><strong><a href=\"https:\/\/drive.google.com\/file\/d\/1aEbgx4Y0_SILbCqj3euGk0oaejieEpdB\/view\" target=\"_blank\" rel=\"noreferrer noopener\">Quadro comparativo<\/a><\/strong> das caracter\u00edsticas dos principais BENEF\u00cdCIOS FISCAIS aplic\u00e1veis a 2025<\/p>\n\n\n\n<div style=\"height:8px\" aria-hidden=\"true\" class=\"wp-block-spacer\"><\/div>\n\n\n\n<p class=\"has-normal-font-size\"><strong><a href=\"https:\/\/drive.google.com\/file\/d\/18fmSJG8-vKsZT21QENoWgZTrdI48VLEm\/view\" target=\"_blank\" rel=\"noreferrer noopener\">Listagem \/ Resumo<\/a><\/strong> das informa\u00e7\u00f5es vinculativas relacionadas com Benef\u00edcios Fiscais<\/p>\n\n\n\n<div style=\"height:102px\" aria-hidden=\"true\" class=\"wp-block-spacer\"><\/div>\n\n\n\n<div class=\"wp-block-buttons is-layout-flex wp-block-buttons-is-layout-flex\">\n<div class=\"wp-block-button is-style-outline is-style-outline--2\"><a class=\"wp-block-button__link has-black-color has-light-green-cyan-background-color has-text-color has-background wp-element-button\" href=\"https:\/\/www.jorgesilvaroc.pt\/Files\/Artigos%20publicados\/Exemplos%20pr%C3%A1ticos%20VLP.xlsx\" style=\"border-radius:15px\"><strong>Simuladores Ligeiros de Passageiros<\/strong><\/a><\/div>\n<\/div>\n\n\n\n<p><a href=\"https:\/\/www.jorgesilvaroc.pt\/Files\/Artigos%20publicados\/Exemplos%20pr%C3%A1ticos%20VLP.xlsx\">Simuladores<\/a> elaborados no \u00e2mbito dos seguintes artigos publicados:<br><br><a href=\"https:\/\/www.jorgesilvaroc.pt\/blog\/arquivo\/567\">A tributa\u00e7\u00e3o das viaturas ligeiras de passageiros utilizadas em esferas empresariais<\/a><br>publicado na Revista Contabilista 243 de jun\/2020;<br><br><a href=\"https:\/\/www.jorgesilvaroc.pt\/blog\/arquivo\/538\">Utiliza\u00e7\u00e3o pessoal de viatura autom\u00f3vel que gere encargos para a entidade patronal<\/a><br>publicado na Revista TOC 179 de fev\/2015<\/p>\n","protected":false},"excerpt":{"rendered":"<p>Quadro comparativo das caracter\u00edsticas dos principais BENEF\u00cdCIOS FISCAIS aplic\u00e1veis a 2025 Listagem \/ Resumo das informa\u00e7\u00f5es vinculativas relacionadas com Benef\u00edcios Fiscais Simuladores elaborados no \u00e2mbito dos seguintes artigos publicados: A tributa\u00e7\u00e3o das viaturas ligeiras de passageiros utilizadas em esferas empresariaispublicado na Revista Contabilista 243 de jun\/2020; Utiliza\u00e7\u00e3o pessoal de viatura autom\u00f3vel que gere encargos para [&hellip;]<\/p>\n","protected":false},"author":1,"featured_media":0,"parent":0,"menu_order":0,"comment_status":"closed","ping_status":"closed","template":"","meta":{"footnotes":""},"class_list":["post-39","page","type-page","status-publish","hentry"],"_links":{"self":[{"href":"https:\/\/www.jorgesilvaroc.pt\/previsa\/wp-json\/wp\/v2\/pages\/39","targetHints":{"allow":["GET"]}}],"collection":[{"href":"https:\/\/www.jorgesilvaroc.pt\/previsa\/wp-json\/wp\/v2\/pages"}],"about":[{"href":"https:\/\/www.jorgesilvaroc.pt\/previsa\/wp-json\/wp\/v2\/types\/page"}],"author":[{"embeddable":true,"href":"https:\/\/www.jorgesilvaroc.pt\/previsa\/wp-json\/wp\/v2\/users\/1"}],"replies":[{"embeddable":true,"href":"https:\/\/www.jorgesilvaroc.pt\/previsa\/wp-json\/wp\/v2\/comments?post=39"}],"version-history":[{"count":7,"href":"https:\/\/www.jorgesilvaroc.pt\/previsa\/wp-json\/wp\/v2\/pages\/39\/revisions"}],"predecessor-version":[{"id":213,"href":"https:\/\/www.jorgesilvaroc.pt\/previsa\/wp-json\/wp\/v2\/pages\/39\/revisions\/213"}],"wp:attachment":[{"href":"https:\/\/www.jorgesilvaroc.pt\/previsa\/wp-json\/wp\/v2\/media?parent=39"}],"curies":[{"name":"wp","href":"https:\/\/api.w.org\/{rel}","templated":true}]}}