{"id":33,"date":"2020-12-24T23:52:57","date_gmt":"2020-12-24T23:52:57","guid":{"rendered":"https:\/\/www.microptl.pt\/site\/testes\/?page_id=33"},"modified":"2022-09-20T13:35:28","modified_gmt":"2022-09-20T13:35:28","slug":"condicoes","status":"publish","type":"page","link":"https:\/\/www.jorgesilvaroc.pt\/previsa\/observacoes\/condicoes\/","title":{"rendered":"Condi\u00e7\u00f5es"},"content":{"rendered":"\n<p>O conte\u00fado deste utilit\u00e1rio \u00e9 meramente informativo, sendo a simula\u00e7\u00e3o da potencial responsabilidade fiscal em sede de IRC de natureza geral e abstrata, n\u00e3o tomando em conta todas as vari\u00e1veis de que depende o efetivo IRC, raz\u00e3o pela qual os montantes de imposto poder\u00e3o n\u00e3o ser necessariamente id\u00eanticos \u00e0queles que sejam aqui computados.<br><br>A aplica\u00e7\u00e3o e impacto das leis dependem dos casos em concreto. Dada a natureza evolutiva das leis, normas e regulamentos, bem como as caracter\u00edsticas e natureza da comunica\u00e7\u00e3o eletr\u00f3nica, poder-se-\u00e3o registar atrasos, omiss\u00f5es ou inexatid\u00f5es em informa\u00e7\u00f5es contidas no &#8220;Previsa&#8221;. A informa\u00e7\u00e3o deste utilit\u00e1rio \u00e9 fornecida no pressuposto de que n\u00e3o compete aos autores e publicadores prestar servi\u00e7os jur\u00eddicos, de contabilidade, fiscais ou outro servi\u00e7o profissional de aconselhamento. Por conseguinte n\u00e3o deve servir de base para qualquer tomada de decis\u00e3o sem assist\u00eancia profissional qualificada e dirigida ao caso concreto, nem dispensa a consulta das publica\u00e7\u00f5es oficiais.<br><br>A &#8220;Jorge Silva, Neto, Ribeiro, Pinho &amp; Associado, SROC, Lda.&#8221; exclui a sua responsabilidade por quaisquer danos que possam ocorrer relacionados com a informa\u00e7\u00e3o contida neste simulador, nomeadamente por erros ou imprecis\u00f5es de transcri\u00e7\u00e3o.<br><br>Em caso algum, a &#8220;Jorge Silva, Neto, Ribeiro, Pinho &amp; Associado, SROC, Lda.&#8221; ou qualquer entidade com ela relacionada, agentes ou colaboradores ser\u00e3o respons\u00e1veis perante o utilizador ou terceiros pelas decis\u00f5es ou a\u00e7\u00f5es adotadas por estes com base na informa\u00e7\u00e3o veiculada pelo &#8220;Previsa&#8221; ou por quaisquer danos espec\u00edficos ou similares, mesmo ap\u00f3s ter conhecimento dos poss\u00edveis danos da\u00ed decorrentes.<\/p>\n","protected":false},"excerpt":{"rendered":"<p>O conte\u00fado deste utilit\u00e1rio \u00e9 meramente informativo, sendo a simula\u00e7\u00e3o da potencial responsabilidade fiscal em sede de IRC de natureza geral e abstrata, n\u00e3o tomando em conta todas as vari\u00e1veis de que depende o efetivo IRC, raz\u00e3o pela qual os montantes de imposto poder\u00e3o n\u00e3o ser necessariamente id\u00eanticos \u00e0queles que sejam aqui computados. A aplica\u00e7\u00e3o [&hellip;]<\/p>\n","protected":false},"author":1,"featured_media":0,"parent":30,"menu_order":0,"comment_status":"closed","ping_status":"closed","template":"","meta":{"footnotes":""},"class_list":["post-33","page","type-page","status-publish","hentry"],"_links":{"self":[{"href":"https:\/\/www.jorgesilvaroc.pt\/previsa\/wp-json\/wp\/v2\/pages\/33","targetHints":{"allow":["GET"]}}],"collection":[{"href":"https:\/\/www.jorgesilvaroc.pt\/previsa\/wp-json\/wp\/v2\/pages"}],"about":[{"href":"https:\/\/www.jorgesilvaroc.pt\/previsa\/wp-json\/wp\/v2\/types\/page"}],"author":[{"embeddable":true,"href":"https:\/\/www.jorgesilvaroc.pt\/previsa\/wp-json\/wp\/v2\/users\/1"}],"replies":[{"embeddable":true,"href":"https:\/\/www.jorgesilvaroc.pt\/previsa\/wp-json\/wp\/v2\/comments?post=33"}],"version-history":[{"count":2,"href":"https:\/\/www.jorgesilvaroc.pt\/previsa\/wp-json\/wp\/v2\/pages\/33\/revisions"}],"predecessor-version":[{"id":164,"href":"https:\/\/www.jorgesilvaroc.pt\/previsa\/wp-json\/wp\/v2\/pages\/33\/revisions\/164"}],"up":[{"embeddable":true,"href":"https:\/\/www.jorgesilvaroc.pt\/previsa\/wp-json\/wp\/v2\/pages\/30"}],"wp:attachment":[{"href":"https:\/\/www.jorgesilvaroc.pt\/previsa\/wp-json\/wp\/v2\/media?parent=33"}],"curies":[{"name":"wp","href":"https:\/\/api.w.org\/{rel}","templated":true}]}}