{"id":30,"date":"2020-12-24T23:51:15","date_gmt":"2020-12-24T23:51:15","guid":{"rendered":"https:\/\/www.microptl.pt\/site\/testes\/?page_id=30"},"modified":"2021-09-15T19:13:34","modified_gmt":"2021-09-15T19:13:34","slug":"observacoes","status":"publish","type":"page","link":"https:\/\/www.jorgesilvaroc.pt\/previsa\/observacoes\/","title":{"rendered":"Observa\u00e7\u00f5es"},"content":{"rendered":"\n<p>Este livro de Excel serve para auxiliar no apuramento do IRC. Antes de utilizar, assegure-se que possui a ultima vers\u00e3o dispon\u00edvel.<br>(no menu principal, clique na vers\u00e3o para verificar).<br><br>Ver condi\u00e7\u00f5es de utiliza\u00e7\u00e3o. N\u00e3o dispensa a realiza\u00e7\u00e3o de testes e das devidas confer\u00eancias. Agradecemos a comunica\u00e7\u00e3o de eventuais anomalias e novas sugest\u00f5es.\u00a0<br><br>O Previsa n\u00e3o contempla o Regime Simplificado nem os benef\u00edcios das entidades sediadas nas zonas francas da Madeira e Santa Maria.\u00a0<br> <br><strong>Alertamos os utilizadores para a import\u00e2ncia da verifica\u00e7\u00e3o da vers\u00e3o em uso, devendo ser sempre utilizada a vers\u00e3o mais recente. Alguns colegas insistem na partilha do Previsa nos seus sites, em f\u00f3runs, grupos de facebook ou blogs, mas isso n\u00e3o garante sempre a utiliza\u00e7\u00e3o da \u00faltima vers\u00e3o. Dever\u00e3o assim, todos os downloads bem como as partilhas entre colegas, ter por base apenas o link do s\u00edtio original do Previsa, aqui:\u00a0<\/strong><a rel=\"noreferrer noopener\" href=\"https:\/\/www.jorgesilvaroc.pt\/previsa\" target=\"_blank\">https:\/\/www.jorgesilvaroc.pt\/previsa<\/a><\/p>\n\n\n\n<p><br>Observe ainda as <a href=\"https:\/\/www.jorgesilvaroc.pt\/previsa\/condicoes\/\">condi\u00e7\u00f5es de utiliza\u00e7\u00e3o<\/a>.<\/p>\n","protected":false},"excerpt":{"rendered":"<p>Este livro de Excel serve para auxiliar no apuramento do IRC. Antes de utilizar, assegure-se que possui a ultima vers\u00e3o dispon\u00edvel.(no menu principal, clique na vers\u00e3o para verificar). Ver condi\u00e7\u00f5es de utiliza\u00e7\u00e3o. N\u00e3o dispensa a realiza\u00e7\u00e3o de testes e das devidas confer\u00eancias. Agradecemos a comunica\u00e7\u00e3o de eventuais anomalias e novas sugest\u00f5es.\u00a0 O Previsa n\u00e3o contempla [&hellip;]<\/p>\n","protected":false},"author":1,"featured_media":0,"parent":0,"menu_order":0,"comment_status":"closed","ping_status":"closed","template":"","meta":{"footnotes":""},"class_list":["post-30","page","type-page","status-publish","hentry"],"_links":{"self":[{"href":"https:\/\/www.jorgesilvaroc.pt\/previsa\/wp-json\/wp\/v2\/pages\/30","targetHints":{"allow":["GET"]}}],"collection":[{"href":"https:\/\/www.jorgesilvaroc.pt\/previsa\/wp-json\/wp\/v2\/pages"}],"about":[{"href":"https:\/\/www.jorgesilvaroc.pt\/previsa\/wp-json\/wp\/v2\/types\/page"}],"author":[{"embeddable":true,"href":"https:\/\/www.jorgesilvaroc.pt\/previsa\/wp-json\/wp\/v2\/users\/1"}],"replies":[{"embeddable":true,"href":"https:\/\/www.jorgesilvaroc.pt\/previsa\/wp-json\/wp\/v2\/comments?post=30"}],"version-history":[{"count":1,"href":"https:\/\/www.jorgesilvaroc.pt\/previsa\/wp-json\/wp\/v2\/pages\/30\/revisions"}],"predecessor-version":[{"id":134,"href":"https:\/\/www.jorgesilvaroc.pt\/previsa\/wp-json\/wp\/v2\/pages\/30\/revisions\/134"}],"wp:attachment":[{"href":"https:\/\/www.jorgesilvaroc.pt\/previsa\/wp-json\/wp\/v2\/media?parent=30"}],"curies":[{"name":"wp","href":"https:\/\/api.w.org\/{rel}","templated":true}]}}